{"id":5666,"date":"2024-10-10T10:18:32","date_gmt":"2024-10-10T08:18:32","guid":{"rendered":"http:\/\/hedymartinelli.com\/la-maison-new\/"},"modified":"2024-10-18T16:39:15","modified_gmt":"2024-10-18T14:39:15","slug":"la-maison","status":"publish","type":"page","link":"https:\/\/hedymartinelli.com\/en\/la-maison\/","title":{"rendered":"La maison"},"content":{"rendered":"\t\t<div data-elementor-type=\"wp-page\" data-elementor-id=\"5666\" class=\"elementor elementor-5666 elementor-5634\" data-elementor-post-type=\"page\">\n\t\t\t\t<div class=\"elementor-element elementor-element-d7aea36 e-con-full e-flex e-con e-parent\" data-id=\"d7aea36\" data-element_type=\"container\">\n\t\t<div class=\"elementor-element elementor-element-e51d444 e-con-full elementor-hidden-mobile elementor-hidden-tablet e-flex e-con e-child\" data-id=\"e51d444\" data-element_type=\"container\">\n\t\t\t\t<\/div>\n\t\t<div class=\"elementor-element elementor-element-b5e2b62 e-con-full e-flex e-con e-child\" data-id=\"b5e2b62\" data-element_type=\"container\">\n\t\t\t\t<div class=\"elementor-element elementor-element-9a0db76 elementor-widget elementor-widget-spacer\" data-id=\"9a0db76\" data-element_type=\"widget\" data-widget_type=\"spacer.default\">\n\t\t\t\t<div class=\"elementor-widget-container\">\n\t\t\t\t\t<div class=\"elementor-spacer\">\n\t\t\t<div class=\"elementor-spacer-inner\"><\/div>\n\t\t<\/div>\n\t\t\t\t<\/div>\n\t\t\t\t<\/div>\n\t\t\t\t<div class=\"elementor-element elementor-element-f769409 elementor-hidden-mobile elementor-widget elementor-widget-image\" data-id=\"f769409\" data-element_type=\"widget\" data-widget_type=\"image.default\">\n\t\t\t\t<div class=\"elementor-widget-container\">\n\t\t\t\t\t\t\t\t\t\t\t\t\t<img fetchpriority=\"high\" decoding=\"async\" width=\"1024\" height=\"576\" src=\"https:\/\/hedymartinelli.com\/wp-content\/uploads\/2023\/03\/HDYMARTINELLI-lamaison-2200x1238-1-1024x576.jpg\" class=\"attachment-large size-large wp-image-2941\" alt=\"\" srcset=\"https:\/\/hedymartinelli.com\/wp-content\/uploads\/2023\/03\/HDYMARTINELLI-lamaison-2200x1238-1-1024x576.jpg 1024w, https:\/\/hedymartinelli.com\/wp-content\/uploads\/2023\/03\/HDYMARTINELLI-lamaison-2200x1238-1-920x518.jpg 920w, https:\/\/hedymartinelli.com\/wp-content\/uploads\/2023\/03\/HDYMARTINELLI-lamaison-2200x1238-1-300x169.jpg 300w, https:\/\/hedymartinelli.com\/wp-content\/uploads\/2023\/03\/HDYMARTINELLI-lamaison-2200x1238-1-768x432.jpg 768w, https:\/\/hedymartinelli.com\/wp-content\/uploads\/2023\/03\/HDYMARTINELLI-lamaison-2200x1238-1-1536x864.jpg 1536w, https:\/\/hedymartinelli.com\/wp-content\/uploads\/2023\/03\/HDYMARTINELLI-lamaison-2200x1238-1-2048x1152.jpg 2048w\" sizes=\"(max-width: 1024px) 100vw, 1024px\" \/>\t\t\t\t\t\t\t\t\t\t\t\t\t<\/div>\n\t\t\t\t<\/div>\n\t\t\t\t<div class=\"elementor-element elementor-element-51d446f elementor-hidden-desktop elementor-hidden-tablet elementor-widget elementor-widget-image\" data-id=\"51d446f\" data-element_type=\"widget\" data-widget_type=\"image.default\">\n\t\t\t\t<div class=\"elementor-widget-container\">\n\t\t\t\t\t\t\t\t\t\t\t\t\t<img decoding=\"async\" width=\"844\" height=\"1024\" src=\"https:\/\/hedymartinelli.com\/wp-content\/uploads\/2023\/03\/HDYMARTINELLI-lamaison-1100x1334-1.jpg\" class=\"attachment-large size-large wp-image-2944\" alt=\"\" srcset=\"https:\/\/hedymartinelli.com\/wp-content\/uploads\/2023\/03\/HDYMARTINELLI-lamaison-1100x1334-1.jpg 1100w, https:\/\/hedymartinelli.com\/wp-content\/uploads\/2023\/03\/HDYMARTINELLI-lamaison-1100x1334-1-920x1116.jpg 920w\" sizes=\"(max-width: 844px) 100vw, 844px\" \/>\t\t\t\t\t\t\t\t\t\t\t\t\t<\/div>\n\t\t\t\t<\/div>\n\t\t<div class=\"elementor-element elementor-element-5ddef7b e-con-full e-flex e-con e-child\" data-id=\"5ddef7b\" data-element_type=\"container\">\n\t\t\t\t<div class=\"elementor-element elementor-element-f3d8882 elementor-widget elementor-widget-spacer\" data-id=\"f3d8882\" data-element_type=\"widget\" data-widget_type=\"spacer.default\">\n\t\t\t\t<div class=\"elementor-widget-container\">\n\t\t\t\t\t<div class=\"elementor-spacer\">\n\t\t\t<div class=\"elementor-spacer-inner\"><\/div>\n\t\t<\/div>\n\t\t\t\t<\/div>\n\t\t\t\t<\/div>\n\t\t\t\t<div class=\"elementor-element elementor-element-26e16b2 elementor-widget elementor-widget-heading\" data-id=\"26e16b2\" data-element_type=\"widget\" data-widget_type=\"heading.default\">\n\t\t\t\t<div class=\"elementor-widget-container\">\n\t\t\t<h2 class=\"elementor-heading-title elementor-size-default\">La Maison<\/h2>\t\t<\/div>\n\t\t\t\t<\/div>\n\t\t\t\t<div class=\"elementor-element elementor-element-7cf7620 elementor-widget elementor-widget-spacer\" data-id=\"7cf7620\" data-element_type=\"widget\" data-widget_type=\"spacer.default\">\n\t\t\t\t<div class=\"elementor-widget-container\">\n\t\t\t\t\t<div class=\"elementor-spacer\">\n\t\t\t<div class=\"elementor-spacer-inner\"><\/div>\n\t\t<\/div>\n\t\t\t\t<\/div>\n\t\t\t\t<\/div>\n\t\t\t\t<div class=\"elementor-element elementor-element-27bb57e elementor-widget elementor-widget-text-editor\" data-id=\"27bb57e\" data-element_type=\"widget\" data-widget_type=\"text-editor.default\">\n\t\t\t\t<div class=\"elementor-widget-container\">\n\t\t\t\t\t\t\t<p>\u201cRome is the setting for a story that, for more than fifty years, has been told by three different women sharing the same passion, the high end jewelry.\u201d<\/p>\n\t\t\t\t\t\t<\/div>\n\t\t\t\t<\/div>\n\t\t\t\t<div class=\"elementor-element elementor-element-916d856 elementor-widget elementor-widget-spacer\" data-id=\"916d856\" data-element_type=\"widget\" data-widget_type=\"spacer.default\">\n\t\t\t\t<div class=\"elementor-widget-container\">\n\t\t\t\t\t<div class=\"elementor-spacer\">\n\t\t\t<div class=\"elementor-spacer-inner\"><\/div>\n\t\t<\/div>\n\t\t\t\t<\/div>\n\t\t\t\t<\/div>\n\t\t\t\t<div class=\"elementor-element elementor-element-6fbe7b4 elementor-widget elementor-widget-heading\" data-id=\"6fbe7b4\" data-element_type=\"widget\" data-widget_type=\"heading.default\">\n\t\t\t\t<div class=\"elementor-widget-container\">\n\t\t\t<h3 class=\"elementor-heading-title elementor-size-default\">History<\/h3>\t\t<\/div>\n\t\t\t\t<\/div>\n\t\t\t\t<div class=\"elementor-element elementor-element-d9d6573 elementor-widget elementor-widget-text-editor\" data-id=\"d9d6573\" data-element_type=\"widget\" data-widget_type=\"text-editor.default\">\n\t\t\t\t<div class=\"elementor-widget-container\">\n\t\t\t\t\t\t\t<p>The story of Hedy Martinelli begins more than fifty years ago between Belgrade, Zagreb and Budapest. A story of love and fantasy that finds its fulfillment in Italy. An Art D\u00e9co jewelry boutique in Rome, where Hedy plays and re-creates, in accordance with the international trends the desires of the &#8220;new&#8221; Italian Woman. A strong and independent woman, who shows her personality also through the jewels she wears.<\/p>\n\t\t\t\t\t\t<\/div>\n\t\t\t\t<\/div>\n\t\t\t\t<div class=\"elementor-element elementor-element-15b5d6e elementor-widget elementor-widget-spacer\" data-id=\"15b5d6e\" data-element_type=\"widget\" data-widget_type=\"spacer.default\">\n\t\t\t\t<div class=\"elementor-widget-container\">\n\t\t\t\t\t<div class=\"elementor-spacer\">\n\t\t\t<div class=\"elementor-spacer-inner\"><\/div>\n\t\t<\/div>\n\t\t\t\t<\/div>\n\t\t\t\t<\/div>\n\t\t\t\t<div class=\"elementor-element elementor-element-99898a7 elementor-widget elementor-widget-heading\" data-id=\"99898a7\" data-element_type=\"widget\" data-widget_type=\"heading.default\">\n\t\t\t\t<div class=\"elementor-widget-container\">\n\t\t\t<h4 class=\"elementor-heading-title elementor-size-default\">Savoir faire<\/h4>\t\t<\/div>\n\t\t\t\t<\/div>\n\t\t\t\t<div class=\"elementor-element elementor-element-63fa4c2 elementor-widget elementor-widget-text-editor\" data-id=\"63fa4c2\" data-element_type=\"widget\" data-widget_type=\"text-editor.default\">\n\t\t\t\t<div class=\"elementor-widget-container\">\n\t\t\t\t\t\t\t<p>Hedy Travels around the world and this becomes her first inspiration, she collects everything she finds interesting. Il suo amore sono i colori e il lusso, assembla i gioielli a mano, rendendoli cos\u00ec sempre unici. In the 70s, 80s, Rome enjoys a period of great culture and wealth and its boutique is transformed into a cozy living room where you can meet an international clientele who likes drink champagne in the company of Hedy, her daughters and their beloved creations. She hosted some of the most iconic characters of those years, Marcello Mastroianni, Sergio Leone, Catherine Deneuve, Robert De Niro and the director of the Metropolitan Diana Vreeland. Una capacit\u00e0, quella di Hedy, di interpretare le tendenze e i desideri delle donne, che \u00e8 riuscita a trasmettere anche alla figlia Francesca e alla nipote Livia. The third chapter of an all-female high jewelry story.<\/p>\n\t\t\t\t\t\t<\/div>\n\t\t\t\t<\/div>\n\t\t\t\t<div class=\"elementor-element elementor-element-5c53e64 elementor-widget elementor-widget-spacer\" data-id=\"5c53e64\" data-element_type=\"widget\" data-widget_type=\"spacer.default\">\n\t\t\t\t<div class=\"elementor-widget-container\">\n\t\t\t\t\t<div class=\"elementor-spacer\">\n\t\t\t<div class=\"elementor-spacer-inner\"><\/div>\n\t\t<\/div>\n\t\t\t\t<\/div>\n\t\t\t\t<\/div>\n\t\t\t\t<div class=\"elementor-element elementor-element-1c7ce59 elementor-widget elementor-widget-heading\" data-id=\"1c7ce59\" data-element_type=\"widget\" data-widget_type=\"heading.default\">\n\t\t\t\t<div class=\"elementor-widget-container\">\n\t\t\t<h4 class=\"elementor-heading-title elementor-size-default\">Hedy Martinelli<\/h4>\t\t<\/div>\n\t\t\t\t<\/div>\n\t\t\t\t<div class=\"elementor-element elementor-element-3690b61 elementor-widget elementor-widget-text-editor\" data-id=\"3690b61\" data-element_type=\"widget\" data-widget_type=\"text-editor.default\">\n\t\t\t\t<div class=\"elementor-widget-container\">\n\t\t\t\t\t\t\t<p>The pr\u00eat-\u00e0-porter line of which Livia Mimosa Fazioli, Hedy&#8217;s niece, is the founder and designer. Seliti by Hedy Martinelli was born from the passion for high end jewelery, in which her personality comes to life. At the core of her collections are her grandmother\u2019s teachings that she carries everywhere she goes. Most of all, the ability to take inspiration from everything that surrounds her and by transforming even simple abstract concepts into real sculptures that go beyond the mere materialistic vision of the jewel. Ecco spiegate le dimensioni oversize dei suoi gioielli, che contrapposte alla particolare lavorazione leggera dell\u2019argento, li rendono accessori perfettamente in linea con la donna forte, elegante e di grande personalit\u00e0 per cui sono pensati. Seliti interprets the artistic and goldsmith tradition of Hedy Martinelli, also defined as her pr\u00eat \u00e0 porter line.<\/p>\n\t\t\t\t\t\t<\/div>\n\t\t\t\t<\/div>\n\t\t\t\t<div class=\"elementor-element elementor-element-275ee81 elementor-widget elementor-widget-spacer\" data-id=\"275ee81\" data-element_type=\"widget\" data-widget_type=\"spacer.default\">\n\t\t\t\t<div class=\"elementor-widget-container\">\n\t\t\t\t\t<div class=\"elementor-spacer\">\n\t\t\t<div class=\"elementor-spacer-inner\"><\/div>\n\t\t<\/div>\n\t\t\t\t<\/div>\n\t\t\t\t<\/div>\n\t\t\t\t<\/div>\n\t\t\t\t<\/div>\n\t\t<div class=\"elementor-element elementor-element-8fbc628 e-con-full elementor-hidden-mobile elementor-hidden-tablet e-flex e-con e-child\" data-id=\"8fbc628\" data-element_type=\"container\">\n\t\t\t\t<\/div>\n\t\t\t\t<\/div>\n\t\t\t\t<\/div>\n\t\t","protected":false},"excerpt":{"rendered":"<p>La Maison \u201cRome is the setting for a story that, for more than fifty years, has been told by three different women sharing the same passion, the high end jewelry.\u201d History The story of Hedy Martinelli begins more than fifty years ago between Belgrade, Zagreb and Budapest. A story of love and fantasy that finds&hellip;<\/p>\n","protected":false},"author":1,"featured_media":0,"parent":0,"menu_order":0,"comment_status":"closed","ping_status":"closed","template":"elementor_header_footer","meta":{"_acf_changed":false,"footnotes":""},"class_list":["post-5666","page","type-page","status-publish","hentry"],"acf":[],"_links":{"self":[{"href":"https:\/\/hedymartinelli.com\/en\/wp-json\/wp\/v2\/pages\/5666","targetHints":{"allow":["GET"]}}],"collection":[{"href":"https:\/\/hedymartinelli.com\/en\/wp-json\/wp\/v2\/pages"}],"about":[{"href":"https:\/\/hedymartinelli.com\/en\/wp-json\/wp\/v2\/types\/page"}],"author":[{"embeddable":true,"href":"https:\/\/hedymartinelli.com\/en\/wp-json\/wp\/v2\/users\/1"}],"replies":[{"embeddable":true,"href":"https:\/\/hedymartinelli.com\/en\/wp-json\/wp\/v2\/comments?post=5666"}],"version-history":[{"count":0,"href":"https:\/\/hedymartinelli.com\/en\/wp-json\/wp\/v2\/pages\/5666\/revisions"}],"wp:attachment":[{"href":"https:\/\/hedymartinelli.com\/en\/wp-json\/wp\/v2\/media?parent=5666"}],"curies":[{"name":"wp","href":"https:\/\/api.w.org\/{rel}","templated":true}]}}